{"id":8143,"date":"2022-05-04T15:51:27","date_gmt":"2022-05-04T13:51:27","guid":{"rendered":"https:\/\/chienx100aventuras.com\/?page_id=8143"},"modified":"2022-07-02T17:55:58","modified_gmt":"2022-07-02T15:55:58","slug":"politiques-de-commande-et-de-livraison","status":"publish","type":"page","link":"https:\/\/chienx100aventuras.com\/fr\/politiques-de-commande-et-de-livraison\/","title":{"rendered":"Politiques de commande et de livraison"},"content":{"rendered":"<p style=\"font-weight: 400;\"><b>Politiques de commande et de livraison CHIENX100AVENTURAS<\/b><\/p>\n<p>&nbsp;<\/p>\n<p style=\"font-weight: 400;\"><b>Livraison<\/b><\/p>\n<p>&nbsp;<\/p>\n<p style=\"font-weight: 400;\"><b>Quand vais-je recevoir ma commande?<\/b><\/p>\n<p style=\"font-weight: 400;\"><span style=\"font-weight: 400;\">En g\u00e9n\u00e9ral, il faut compter entre 3 et 7 jours pour cr\u00e9er le produit puis il est envoy\u00e9. Le temps de livraison d\u00e9pend sa localisation, mais de mani\u00e8re g\u00e9n\u00e9rale il faut compter environ:\u00a0<\/span><\/p>\n<p>&nbsp;<\/p>\n<p style=\"font-weight: 400;\"><span style=\"font-weight: 400;\">Pour les Etats-Unis : de 3 \u00e0 4 jours ouvr\u00e9s<\/span><\/p>\n<p style=\"font-weight: 400;\"><b>Pour l\u2019Europe: de 6 \u00e0 8 jours ouvr\u00e9s<\/b><\/p>\n<p style=\"font-weight: 400;\"><span style=\"font-weight: 400;\">Pour l\u2019Australie: de 2 \u00e0 14 jours ouvr\u00e9s\u00a0<\/span><\/p>\n<p style=\"font-weight: 400;\"><span style=\"font-weight: 400;\">Pour le Japon: de 4 \u00e0 8 jours ouvr\u00e9s\u00a0<\/span><\/p>\n<p style=\"font-weight: 400;\"><span style=\"font-weight: 400;\">A l\u2019international: de 10 \u00e0 20 jours ouvr\u00e9s\u00a0<\/span><\/p>\n<p>&nbsp;<\/p>\n<p style=\"font-weight: 400;\"><span style=\"font-weight: 400;\">Pour calculer le temps total estim\u00e9 pour recevoir le produit il faut calculer le temps de cr\u00e9ation du produit plus le temps de livraison.<\/span><\/p>\n<p>&nbsp;<\/p>\n<p style=\"font-weight: 400;\"><b>[Covid-19] Quand vais-je recevoir ma commande?<\/b><\/p>\n<p style=\"font-weight: 400;\"><span style=\"font-weight: 400;\">Nos d\u00e9lais de r\u00e9alisation [pour tous les produits\/t-shirts\/housses de t\u00e9l\u00e9phone\/etc.] peuvent \u00eatre plus longs que d\u2019habitude et peuvent augmenter jusqu\u2019\u00e0 ce les choses reviennent \u00e0 la normalit\u00e9. Nous avons constat\u00e9 des retards sur notre cha\u00eene d\u2019approvisionnement, ainsi que chez les distributeurs et les transporteurs.\u00a0<\/span><\/p>\n<p>&nbsp;<\/p>\n<p style=\"font-weight: 400;\"><b>D\u2019o\u00f9 sera exp\u00e9di\u00e9e ma commande?<\/b><\/p>\n<p style=\"font-weight: 400;\"><span style=\"font-weight: 400;\">Nous travaillons avec une entreprise de r\u00e9alisation de produits sur demande avec des installations dans le monde entier!<\/span><\/p>\n<p>&nbsp;<\/p>\n<p style=\"font-weight: 400;\"><b>Vais-je payer des frais de douane pour mon produit?<\/b><\/p>\n<p style=\"font-weight: 400;\"><span style=\"font-weight: 400;\">Il peut s\u2019appliquer une taxe additionnelle d\u2019imp\u00f4ts et de douanes pour les commandes internationales. Ce tarif ne d\u00e9pend pas de nous et est appliqu\u00e9 par le bureau de douane local. Les politiques douani\u00e8res varient selon le pays, consultez directement votre bureau de douanes local afin de savoir si des taxes seront appliqu\u00e9es \u00e0 vos produits.<\/span><\/p>\n<p>&nbsp;<\/p>\n<p style=\"font-weight: 400;\"><b>Mon produit devrait \u00eatre d\u00e9j\u00e0 arriv\u00e9, mais je ne l\u2019ai toujours pas. Que dois-je faire?<\/b><\/p>\n<p style=\"font-weight: 400;\"><span style=\"font-weight: 400;\">Avant de vous mettre en contact avec nous, aidez-nous et faites d\u2019abord les choses suivantes:<\/span><\/p>\n<p>&nbsp;<\/p>\n<ul style=\"font-weight: 400;\">\n<li style=\"font-weight: 400;\" aria-level=\"1\"><span style=\"font-weight: 400;\">V\u00e9rifiez votre courrier \u00e9lectronique de confirmation d\u2019envoi du paquet pour s\u2019assurer qu\u2019il n\u2019y a pas d\u2019erreur pour l\u2019adresse d\u2019envoi.<\/span><\/li>\n<li style=\"font-weight: 400;\" aria-level=\"1\"><span style=\"font-weight: 400;\">Demandez \u00e0 votre bureau de poste s\u2019ils n\u2019ont pas re\u00e7u le paquet.<\/span><\/li>\n<li style=\"font-weight: 400;\" aria-level=\"1\"><span style=\"font-weight: 400;\">Demandez \u00e0 vos voisins dans le cas o\u00f9 le livreur l\u2019aurait laiss\u00e9 \u00e0 l\u2019un d\u2019eux.<\/span><\/li>\n<\/ul>\n<p>&nbsp;<\/p>\n<p style=\"font-weight: 400;\"><span style=\"font-weight: 400;\">Si l\u2019adresse est l\u00e0 bonne et si le paquet n\u2019est pas au bureau de poste ou chez l\u2019un de vos voisins, vous pouvez nous contactez \u00e0 <\/span><span style=\"font-weight: 400;\">info@chienx100aventuras.com<\/span><span style=\"font-weight: 400;\"> en pr\u00e9cisant votre num\u00e9ro de commande.<\/span><\/p>\n<p style=\"font-weight: 400;\"><b>S\u2019il y a une erreur dans l\u2019adresse d\u2019envoi<\/b><span style=\"font-weight: 400;\">, nous pourrons vous renvoyer un produit, mais le co\u00fbt de l\u2019envoi se fera \u00e0 votre charge.<\/span><\/p>\n<p>&nbsp;<\/p>\n<p style=\"font-weight: 400;\"><b>Produits<\/b><\/p>\n<p>&nbsp;<\/p>\n<p style=\"font-weight: 400;\"><b>Comment sont fabriqu\u00e9s ces produits?<\/b><\/p>\n<p style=\"font-weight: 400;\"><span style=\"font-weight: 400;\">Nous travaillons avec un exp\u00e9diteur direct d\u2019impression sur demande. Ils ont des entreprises un peu partout dans le monde, selon o\u00f9 vous vous trouvez, vos produits s\u2019impriment et s\u2019envoient depuis l\u2019entreprise qui peut le faire de la fa\u00e7on la plus rentable possible.<\/span><\/p>\n<p>&nbsp;<\/p>\n<p style=\"font-weight: 400;\"><b>Comment faire un suivi de ma commande?<\/b><\/p>\n<p style=\"font-weight: 400;\"><span style=\"font-weight: 400;\">Une fois le produit pr\u00eat et mis entre les mains du livreur, vous recevrez un lien de suivi de commande par e-mail avec un num\u00e9ro de suivi. En cliquant sur ce num\u00e9ro vous aurez assez au suivi avec les derni\u00e8res actualisations concernant la localisation de sa commande. Si vous avez des questions sur le suivi de votre commande ou votre envoi, vous pouvez nous contacter \u00e0 <\/span><span style=\"font-weight: 400;\">info@chienx100aventuras.com<\/span><span style=\"font-weight: 400;\">\u00a0<\/span><\/p>\n<p>&nbsp;<\/p>\n<p style=\"font-weight: 400;\"><b>Que dois-je faire si je re\u00e7ois le produit incorrecte ou ab\u00eem\u00e9?<\/b><\/p>\n<p style=\"font-weight: 400;\"><span style=\"font-weight: 400;\">Nous nous excusons si le produit demand\u00e9 arrive ab\u00eem\u00e9. Afin de pouvoir r\u00e9soudre ce probl\u00e8me rapidement\u2019 envoyez-nous un e-mail \u00e0 <\/span><span style=\"font-weight: 400;\">info@chienx100aventuras.com<\/span><span style=\"font-weight: 400;\"> en y ajoutant des photos du produit ab\u00eem\u00e9 son num\u00e9ro de commande et tout autre d\u00e9tail que vous avez concernant votre produit. Nous vous r\u00e9pondrons alors le plus vite possible avec une solution!<\/span><\/p>\n<p>&nbsp;<\/p>\n<p style=\"font-weight: 400;\"><b>Retours<\/b><span style=\"font-weight: 400;\">\u00a0<\/span><\/p>\n<p>&nbsp;<\/p>\n<p style=\"font-weight: 400;\"><b>Qu\u2019elle est la politique de retour?<\/b><\/p>\n<p style=\"font-weight: 400;\"><span style=\"font-weight: 400;\">Nous ne faisons pas de retour ni d\u2019\u00e9change, mais s\u2019il y a un probl\u00e8me avec votre produit\u2019 contactez-nous au plus vite \u00e0 <\/span><span style=\"font-weight: 400;\">info@chienx100aventuras.com<\/span><span style=\"font-weight: 400;\">\u00a0<\/span><\/p>\n<p>&nbsp;<\/p>\n<p style=\"font-weight: 400;\"><b>Offrez-vous des remboursements?<\/b><\/p>\n<p style=\"font-weight: 400;\"><span style=\"font-weight: 400;\">Les remboursements s\u2019effectuent uniquement aux clients dont les articles re\u00e7us sont incorrects ou ab\u00eem\u00e9s. Si vous vous trouvez dans cette situation, contactez-nous \u00e0 <\/span><span style=\"font-weight: 400;\">info@chienx100aventuras.com<\/span><span style=\"font-weight: 400;\"> avec des photos des articles incorrects ou ab\u00eem\u00e9s et nous tacherons de trouver une solution.<\/span><\/p>\n<p>&nbsp;<\/p>\n<p style=\"font-weight: 400;\"><b>Puis-je effectuer un \u00e9change d\u2019un article pour une autre couleur ou taille?<\/b><\/p>\n<p style=\"font-weight: 400;\"><span style=\"font-weight: 400;\">Pour le moment nous n\u2019effectuons pas d\u2019\u00e9change. Si vous n\u2019\u00eates pas s\u00fbr d\u2019une taill\u00e9 consultez nos tableaux des tailles : nous en avons une pour chaque produit qui appara\u00eet sur notre site, dans la partie description du produit. Il est possible qu\u2019un article que vous avez command\u00e9 soit mal \u00e9tiquet\u00e9. Dans ce cas contactez-nous \u00e0 <\/span><span style=\"font-weight: 400;\">info@chienx100aventuras.com<\/span><span style=\"font-weight: 400;\"> au plus tard une semaine apr\u00e8s avoir re\u00e7u votre commande. N\u2019oubliez pas de pr\u00e9ciser votre num\u00e9ro de commande et d\u2019y ajouter des photos de votre article mal \u00e9tiquet\u00e9 et nous vous en enverrons un nouveau ou nous effectuerons un remboursement.<\/span><\/p>\n<p>&nbsp;<\/p>\n<p style=\"font-weight: 400;\"><b>Combien de temps ai-je pour porter r\u00e9clamation concernant un retour ou un \u00e9change ?<\/b><\/p>\n<p style=\"font-weight: 400;\"><span style=\"font-weight: 400;\">Toute r\u00e9clamation pour un produit mal imprim\u00e9, ab\u00eem\u00e9 ou d\u00e9fectueux, devra \u00eatre effectu\u00e9e au maximum avant 2 semaines \u00e0 partir de la date de r\u00e9ception de la commande.<\/span><\/p>\n<p>&nbsp;<\/p>\n","protected":false},"excerpt":{"rendered":"<p>Politiques de commande et de livraison CHIENX100AVENTURAS &nbsp; Livraison &nbsp; Quand vais-je recevoir ma commande? En g\u00e9n\u00e9ral, il faut compter entre 3 et 7 jours pour cr\u00e9er le produit puis il est envoy\u00e9. Le temps de livraison d\u00e9pend sa localisation, [&hellip;]<\/p>\n","protected":false},"author":1,"featured_media":0,"parent":0,"menu_order":0,"comment_status":"closed","ping_status":"closed","template":"","meta":{"footnotes":""},"class_list":["post-8143","page","type-page","status-publish","hentry"],"_links":{"self":[{"href":"https:\/\/chienx100aventuras.com\/fr\/wp-json\/wp\/v2\/pages\/8143"}],"collection":[{"href":"https:\/\/chienx100aventuras.com\/fr\/wp-json\/wp\/v2\/pages"}],"about":[{"href":"https:\/\/chienx100aventuras.com\/fr\/wp-json\/wp\/v2\/types\/page"}],"author":[{"embeddable":true,"href":"https:\/\/chienx100aventuras.com\/fr\/wp-json\/wp\/v2\/users\/1"}],"replies":[{"embeddable":true,"href":"https:\/\/chienx100aventuras.com\/fr\/wp-json\/wp\/v2\/comments?post=8143"}],"version-history":[{"count":2,"href":"https:\/\/chienx100aventuras.com\/fr\/wp-json\/wp\/v2\/pages\/8143\/revisions"}],"predecessor-version":[{"id":8145,"href":"https:\/\/chienx100aventuras.com\/fr\/wp-json\/wp\/v2\/pages\/8143\/revisions\/8145"}],"wp:attachment":[{"href":"https:\/\/chienx100aventuras.com\/fr\/wp-json\/wp\/v2\/media?parent=8143"}],"curies":[{"name":"wp","href":"https:\/\/api.w.org\/{rel}","templated":true}]}}